{"id":612,"date":"2024-02-20T17:13:53","date_gmt":"2024-02-20T17:13:53","guid":{"rendered":"http:\/\/www.newtecmali.com\/?page_id=612"},"modified":"2025-01-28T12:54:10","modified_gmt":"2025-01-28T12:54:10","slug":"internet","status":"publish","type":"page","link":"http:\/\/www.newtecmali.com\/?page_id=612","title":{"rendered":"Internet"},"content":{"rendered":"<h2>Service Internet<\/h2>\n<style>\/*! elementor - v3.19.0 - 07-02-2024 *\/\n.elementor-heading-title{padding:0;margin:0;line-height:1}.elementor-widget-heading .elementor-heading-title[class*=elementor-size-]>a{color:inherit;font-size:inherit;line-height:inherit}.elementor-widget-heading .elementor-heading-title.elementor-size-small{font-size:15px}.elementor-widget-heading .elementor-heading-title.elementor-size-medium{font-size:19px}.elementor-widget-heading .elementor-heading-title.elementor-size-large{font-size:29px}.elementor-widget-heading .elementor-heading-title.elementor-size-xl{font-size:39px}.elementor-widget-heading .elementor-heading-title.elementor-size-xxl{font-size:59px}<\/style>\n<h2>Internet Haut D\u00e9bit Garanti<\/h2>\n<p style=\"font-size: 22px;\">Les solutions d&#8217;acc\u00e8s \u00e0 Internet de NEWTEC-MALI sont con\u00e7ues pour r\u00e9pondre aux besoins vari\u00e9s des entreprises, offrant une gamme compl\u00e8te de technologies d&#8217;acc\u00e8s pour une connectivit\u00e9 optimale. Nous comprenons l&#8217;importance croissante de l&#8217;Internet dans les op\u00e9rations commerciales et nous nous engageons \u00e0 fournir des solutions sur mesure qui r\u00e9pondent aux exigences sp\u00e9cifiques de chaque site d&#8217;entreprise, garantissant ainsi un acc\u00e8s d\u00e9di\u00e9 et fiable pour une productivit\u00e9 optimale.<\/p>\n<style>\/*! elementor-pro - v3.16.0 - 20-09-2023 *\/\n.elementor-slides .swiper-slide-bg{background-size:cover;background-position:50%;background-repeat:no-repeat;min-width:100%;min-height:100%}.elementor-slides .swiper-slide-inner{background-repeat:no-repeat;background-position:50%;position:absolute;top:0;left:0;bottom:0;right:0;padding:50px;margin:auto}.elementor-slides .swiper-slide-inner,.elementor-slides .swiper-slide-inner:hover{color:#fff;display:flex}.elementor-slides .swiper-slide-inner .elementor-background-overlay{position:absolute;z-index:0;top:0;bottom:0;left:0;right:0}.elementor-slides .swiper-slide-inner .elementor-slide-content{position:relative;z-index:1;width:100%}.elementor-slides .swiper-slide-inner .elementor-slide-heading{font-size:35px;font-weight:700;line-height:1}.elementor-slides .swiper-slide-inner .elementor-slide-description{font-size:17px;line-height:1.4}.elementor-slides .swiper-slide-inner .elementor-slide-description:not(:last-child),.elementor-slides .swiper-slide-inner .elementor-slide-heading:not(:last-child){margin-bottom:30px}.elementor-slides .swiper-slide-inner .elementor-slide-button{border:2px solid #fff;color:#fff;background:transparent;display:inline-block}.elementor-slides .swiper-slide-inner .elementor-slide-button,.elementor-slides .swiper-slide-inner .elementor-slide-button:hover{background:transparent;color:inherit;text-decoration:none}.elementor--v-position-top .swiper-slide-inner{align-items:flex-start}.elementor--v-position-bottom .swiper-slide-inner{align-items:flex-end}.elementor--v-position-middle .swiper-slide-inner{align-items:center}.elementor--h-position-left .swiper-slide-inner{justify-content:flex-start}.elementor--h-position-right .swiper-slide-inner{justify-content:flex-end}.elementor--h-position-center .swiper-slide-inner{justify-content:center}body.rtl .elementor-widget-slides .elementor-swiper-button-next{left:10px;right:auto}body.rtl .elementor-widget-slides .elementor-swiper-button-prev{right:10px;left:auto}.elementor-slides-wrapper div:not(.swiper-slide)>.swiper-slide-inner{display:none}@media (max-width:767px){.elementor-slides .swiper-slide-inner{padding:30px}.elementor-slides .swiper-slide-inner .elementor-slide-heading{font-size:23px;line-height:1;margin-bottom:15px}.elementor-slides .swiper-slide-inner .elementor-slide-description{font-size:13px;line-height:1.4;margin-bottom:15px}}<\/style>\n<h2>Une Solution Adapt\u00e9e \u00e0 vos Besoins<\/h2>\n<p>Gr\u00e2ce \u00e0 notre expertise dans un large \u00e9ventail de technologies d&#8217;acc\u00e8s telles que la Fibre Optique, l&#8217;ADSL, la Radio et le VSAT, nous sommes en mesure de personnaliser nos services pour r\u00e9pondre pr\u00e9cis\u00e9ment aux besoins en termes de co\u00fbts, de performances et de fiabilit\u00e9 de votre organisation.<\/p>\n<h2>Flexibilit\u00e9 Int\u00e9gr\u00e9e<\/h2>\n<p>Nos solutions sont con\u00e7ues pour \u00e9voluer avec vos besoins. Que ce soit l&#8217;ajout de bande passante \u00e0 votre service existant ou la migration vers une technologie ou une conception de r\u00e9seau diff\u00e9rente, notre \u00e9quipe exp\u00e9riment\u00e9e vous guide \u00e0 chaque \u00e9tape du processus pour assurer une transition fluide et sans interruption.<\/p>\n<h2>Fiabilit\u00e9 Exceptionnelle<\/h2>\n<p>Nous nous engageons \u00e0 assurer une disponibilit\u00e9 de service de 99,6%, ce qui nous positionne en tant que leader de l&#8217;Internet au Mali. Avec NEWTEC-MALI, vous b\u00e9n\u00e9ficiez d&#8217;une connectivit\u00e9 haut d\u00e9bit garantie pour soutenir vos op\u00e9rations commerciales critiques, avec une fiabilit\u00e9 in\u00e9gal\u00e9e.<\/p>\n","protected":false},"excerpt":{"rendered":"<p>Service Internet Internet Haut D\u00e9bit Garanti Les solutions d&#8217;acc\u00e8s \u00e0 Internet de NEWTEC-MALI sont con\u00e7ues pour r\u00e9pondre aux besoins vari\u00e9s des entreprises, offrant une gamme compl\u00e8te de technologies d&#8217;acc\u00e8s pour une connectivit\u00e9 optimale. Nous comprenons l&#8217;importance croissante de l&#8217;Internet dans les op\u00e9rations commerciales et nous nous engageons \u00e0 fournir des solutions sur mesure qui r\u00e9pondent [&hellip;]<\/p>\n","protected":false},"author":1,"featured_media":0,"parent":0,"menu_order":0,"comment_status":"closed","ping_status":"closed","template":"","meta":{"footnotes":""},"class_list":["post-612","page","type-page","status-publish","hentry"],"_links":{"self":[{"href":"http:\/\/www.newtecmali.com\/index.php?rest_route=\/wp\/v2\/pages\/612","targetHints":{"allow":["GET"]}}],"collection":[{"href":"http:\/\/www.newtecmali.com\/index.php?rest_route=\/wp\/v2\/pages"}],"about":[{"href":"http:\/\/www.newtecmali.com\/index.php?rest_route=\/wp\/v2\/types\/page"}],"author":[{"embeddable":true,"href":"http:\/\/www.newtecmali.com\/index.php?rest_route=\/wp\/v2\/users\/1"}],"replies":[{"embeddable":true,"href":"http:\/\/www.newtecmali.com\/index.php?rest_route=%2Fwp%2Fv2%2Fcomments&post=612"}],"version-history":[{"count":25,"href":"http:\/\/www.newtecmali.com\/index.php?rest_route=\/wp\/v2\/pages\/612\/revisions"}],"predecessor-version":[{"id":640,"href":"http:\/\/www.newtecmali.com\/index.php?rest_route=\/wp\/v2\/pages\/612\/revisions\/640"}],"wp:attachment":[{"href":"http:\/\/www.newtecmali.com\/index.php?rest_route=%2Fwp%2Fv2%2Fmedia&parent=612"}],"curies":[{"name":"wp","href":"https:\/\/api.w.org\/{rel}","templated":true}]}}