{"id":686,"date":"2024-03-04T21:39:01","date_gmt":"2024-03-04T21:39:01","guid":{"rendered":"http:\/\/www.newtecmali.com\/?page_id=686"},"modified":"2024-03-04T21:58:45","modified_gmt":"2024-03-04T21:58:45","slug":"reseau-entreprise","status":"publish","type":"page","link":"http:\/\/www.newtecmali.com\/?page_id=686","title":{"rendered":"Reseau Entreprise"},"content":{"rendered":"\t\t<div data-elementor-type=\"wp-page\" data-elementor-id=\"686\" class=\"elementor elementor-686\" data-elementor-post-type=\"page\">\n\t\t\t\t\t\t<section class=\"elementor-section elementor-top-section elementor-element elementor-element-165b2920 ot-traditional elementor-section-boxed elementor-section-height-default elementor-section-height-default\" data-id=\"165b2920\" data-element_type=\"section\" data-e-type=\"section\" data-settings=\"{&quot;background_background&quot;:&quot;classic&quot;}\">\n\t\t\t\t\t\t\t<div class=\"elementor-background-overlay\"><\/div>\n\t\t\t\t\t\t\t<div class=\"elementor-container elementor-column-gap-default\">\n\t\t\t\t\t<div class=\"elementor-column elementor-col-100 elementor-top-column elementor-element elementor-element-343ec9a9 ot-flex-column-vertical\" data-id=\"343ec9a9\" data-element_type=\"column\" data-e-type=\"column\">\n\t\t\t<div class=\"elementor-widget-wrap elementor-element-populated\">\n\t\t\t\t\t\t<div class=\"elementor-element elementor-element-6e2b40b7 elementor-widget elementor-widget-elementskit-heading\" data-id=\"6e2b40b7\" data-element_type=\"widget\" data-e-type=\"widget\" data-widget_type=\"elementskit-heading.default\">\n\t\t\t\t<div class=\"elementor-widget-container\">\n\t\t\t\t\t<div class=\"ekit-wid-con\" ><div class=\"ekit-heading elementskit-section-title-wraper text_center   ekit_heading_tablet-   ekit_heading_mobile-\"><h2 class=\"ekit-heading--title elementskit-section-title \">Reseau Entreprise<\/h2><\/div><\/div>\t\t\t\t<\/div>\n\t\t\t\t<\/div>\n\t\t\t\t\t<\/div>\n\t\t<\/div>\n\t\t\t\t\t<\/div>\n\t\t<\/section>\n\t\t<div class=\"elementor-element elementor-element-5724c6d e-flex e-con-boxed e-con e-parent\" data-id=\"5724c6d\" data-element_type=\"container\" data-e-type=\"container\">\n\t\t\t\t\t<div class=\"e-con-inner\">\n\t\t<div class=\"elementor-element elementor-element-ca2b934 e-con-full e-flex e-con e-child\" data-id=\"ca2b934\" data-element_type=\"container\" data-e-type=\"container\">\n\t\t\t\t<div class=\"elementor-element elementor-element-1886450 elementor-widget elementor-widget-heading\" data-id=\"1886450\" data-element_type=\"widget\" data-e-type=\"widget\" data-widget_type=\"heading.default\">\n\t\t\t\t<div class=\"elementor-widget-container\">\n\t\t\t\t\t<h2 class=\"elementor-heading-title elementor-size-default\">Reseau Entreprise<\/h2>\t\t\t\t<\/div>\n\t\t\t\t<\/div>\n\t\t\t\t<div class=\"elementor-element elementor-element-714a4c9 elementor-widget elementor-widget-text-editor\" data-id=\"714a4c9\" data-element_type=\"widget\" data-e-type=\"widget\" data-widget_type=\"text-editor.default\">\n\t\t\t\t<div class=\"elementor-widget-container\">\n\t\t\t\t\t\t\t\t\t<p>Les applications et les syst\u00e8mes distribu\u00e9s font de plus en plus partie int\u00e9grante du paysage d&#8217;un grand nombre d&#8217;entreprises. Ces technologies ont pu se d\u00e9velopper gr\u00e2ce aux performances toujours plus importantes des r\u00e9seaux locaux. Mais le succ\u00e8s de ces applications a fait aussi appara\u00eetre un de leur \u00e9cueil. En effet si les applications distribu\u00e9es deviennent le principal outil du syst\u00e8me d&#8217;information de l&#8217;entreprise, comment assurer leur acc\u00e8s s\u00e9curis\u00e9 au sein de structures parfois r\u00e9parties sur de grandes distances g\u00e9ographiques ?\u00a0<\/p>\t\t\t\t\t\t\t\t<\/div>\n\t\t\t\t<\/div>\n\t\t\t\t<\/div>\n\t\t<div class=\"elementor-element elementor-element-be3d0d8 e-con-full e-flex e-con e-child\" data-id=\"be3d0d8\" data-element_type=\"container\" data-e-type=\"container\">\n\t\t\t\t<div class=\"elementor-element elementor-element-927abd8 elementor-widget elementor-widget-text-editor\" data-id=\"927abd8\" data-element_type=\"widget\" data-e-type=\"widget\" data-widget_type=\"text-editor.default\">\n\t\t\t\t<div class=\"elementor-widget-container\">\n\t\t\t\t\t\t\t\t\t<p>Concr\u00e8tement comment une succursale d&#8217;une entreprise peut-elle acc\u00e9der aux donn\u00e9es situ\u00e9es sur un serveur de la maison m\u00e8re distant de plusieurs milliers de kilom\u00e8tres ?<br \/>NEWTEC MALI\u00a0 a r\u00e9fl\u00e9chi longuement \u00e0 des solutions depuis longtemps, ces solutions consistent \u00e0 cr\u00e9er un tunnel s\u00e9curis\u00e9 sur n\u2019importe quel point de la terre afin de garantir un transfert de donn\u00e9es s\u00fbr et fiable.<br \/><br \/><\/p>\t\t\t\t\t\t\t\t<\/div>\n\t\t\t\t<\/div>\n\t\t\t\t<\/div>\n\t\t\t\t\t<\/div>\n\t\t\t\t<\/div>\n\t\t<div class=\"elementor-element elementor-element-3719384 e-flex e-con-boxed e-con e-parent\" data-id=\"3719384\" data-element_type=\"container\" data-e-type=\"container\">\n\t\t\t\t\t<div class=\"e-con-inner\">\n\t\t<div class=\"elementor-element elementor-element-69bc3ec e-con-full e-flex e-con e-child\" data-id=\"69bc3ec\" data-element_type=\"container\" data-e-type=\"container\">\n\t\t\t\t<div class=\"elementor-element elementor-element-bf560b5 elementor-widget elementor-widget-text-editor\" data-id=\"bf560b5\" data-element_type=\"widget\" data-e-type=\"widget\" data-widget_type=\"text-editor.default\">\n\t\t\t\t<div class=\"elementor-widget-container\">\n\t\t\t\t\t\t\t\t\t<p>La mise en place d&#8217;un tel r\u00e9seau priv\u00e9 virtuel permet de connecter de fa\u00e7on s\u00e9curis\u00e9e des ordinateurs distants au travers d\u2019un tunnel comme s&#8217;ils \u00e9taient sur le m\u00eame r\u00e9seau local. Cette solution est beaucoup plus adapt\u00e9e au Mali pour les entreprises par exemple dont le si\u00e8ge est bas\u00e9 \u00e0 Bamako et ayant des repr\u00e9sentations r\u00e9gionales et vis versa.<br \/>Avantages\u00a0:<br \/>Acc\u00e8s au r\u00e9seau local (d&#8217;entreprise) \u00e0 distance et de fa\u00e7on s\u00e9curis\u00e9e pour les sites distants et les travailleurs nomades<\/p>\t\t\t\t\t\t\t\t<\/div>\n\t\t\t\t<\/div>\n\t\t\t\t<\/div>\n\t\t<div class=\"elementor-element elementor-element-7fe5a57 e-con-full e-flex e-con e-child\" data-id=\"7fe5a57\" data-element_type=\"container\" data-e-type=\"container\">\n\t\t\t\t<div class=\"elementor-element elementor-element-8a49509 elementor--h-position-center elementor--v-position-middle elementor-arrows-position-inside elementor-pagination-position-inside elementor-widget elementor-widget-slides\" data-id=\"8a49509\" data-element_type=\"widget\" data-e-type=\"widget\" data-settings=\"{&quot;navigation&quot;:&quot;both&quot;,&quot;autoplay&quot;:&quot;yes&quot;,&quot;pause_on_hover&quot;:&quot;yes&quot;,&quot;pause_on_interaction&quot;:&quot;yes&quot;,&quot;autoplay_speed&quot;:5000,&quot;infinite&quot;:&quot;yes&quot;,&quot;transition&quot;:&quot;slide&quot;,&quot;transition_speed&quot;:500}\" data-widget_type=\"slides.default\">\n\t\t\t\t<div class=\"elementor-widget-container\">\n\t\t\t\t\t\t\t<div class=\"elementor-swiper\">\n\t\t\t<div class=\"elementor-slides-wrapper elementor-main-swiper swiper-container\" dir=\"ltr\" data-animation=\"fadeInUp\">\n\t\t\t\t<div class=\"swiper-wrapper elementor-slides\">\n\t\t\t\t\t\t\t\t\t\t<div class=\"elementor-repeater-item-d7e077d swiper-slide\"><div class=\"swiper-slide-bg\" role=\"img\"><\/div><div class=\"elementor-background-overlay\"><\/div><div class=\"swiper-slide-inner\" ><div class=\"swiper-slide-contents\"><\/div><\/div><\/div>\t\t\t\t<\/div>\n\t\t\t\t\t\t\t<\/div>\n\t\t<\/div>\n\t\t\t\t\t\t<\/div>\n\t\t\t\t<\/div>\n\t\t\t\t<\/div>\n\t\t\t\t\t<\/div>\n\t\t\t\t<\/div>\n\t\t\t\t<\/div>\n\t\t","protected":false},"excerpt":{"rendered":"<p>Reseau Entreprise Reseau Entreprise Les applications et les syst\u00e8mes distribu\u00e9s font de plus en plus partie int\u00e9grante du paysage d&#8217;un grand nombre d&#8217;entreprises. Ces technologies ont pu se d\u00e9velopper gr\u00e2ce aux performances toujours plus importantes des r\u00e9seaux locaux. Mais le succ\u00e8s de ces applications a fait aussi appara\u00eetre un de leur \u00e9cueil. En effet si [&hellip;]<\/p>\n","protected":false},"author":1,"featured_media":0,"parent":0,"menu_order":0,"comment_status":"closed","ping_status":"closed","template":"","meta":{"footnotes":""},"class_list":["post-686","page","type-page","status-publish","hentry"],"_links":{"self":[{"href":"http:\/\/www.newtecmali.com\/index.php?rest_route=\/wp\/v2\/pages\/686","targetHints":{"allow":["GET"]}}],"collection":[{"href":"http:\/\/www.newtecmali.com\/index.php?rest_route=\/wp\/v2\/pages"}],"about":[{"href":"http:\/\/www.newtecmali.com\/index.php?rest_route=\/wp\/v2\/types\/page"}],"author":[{"embeddable":true,"href":"http:\/\/www.newtecmali.com\/index.php?rest_route=\/wp\/v2\/users\/1"}],"replies":[{"embeddable":true,"href":"http:\/\/www.newtecmali.com\/index.php?rest_route=%2Fwp%2Fv2%2Fcomments&post=686"}],"version-history":[{"count":18,"href":"http:\/\/www.newtecmali.com\/index.php?rest_route=\/wp\/v2\/pages\/686\/revisions"}],"predecessor-version":[{"id":707,"href":"http:\/\/www.newtecmali.com\/index.php?rest_route=\/wp\/v2\/pages\/686\/revisions\/707"}],"wp:attachment":[{"href":"http:\/\/www.newtecmali.com\/index.php?rest_route=%2Fwp%2Fv2%2Fmedia&parent=686"}],"curies":[{"name":"wp","href":"https:\/\/api.w.org\/{rel}","templated":true}]}}