{"id":779,"date":"2024-03-22T23:49:32","date_gmt":"2024-03-22T23:49:32","guid":{"rendered":"http:\/\/www.newtecmali.com\/?page_id=779"},"modified":"2024-03-22T23:56:28","modified_gmt":"2024-03-22T23:56:28","slug":"energie-solaire","status":"publish","type":"page","link":"http:\/\/www.newtecmali.com\/?page_id=779","title":{"rendered":"Energie Solaire"},"content":{"rendered":"\t\t<div data-elementor-type=\"wp-page\" data-elementor-id=\"779\" class=\"elementor elementor-779\" data-elementor-post-type=\"page\">\n\t\t\t\t\t\t<section class=\"elementor-section elementor-top-section elementor-element elementor-element-165b2920 ot-traditional elementor-section-boxed elementor-section-height-default elementor-section-height-default\" data-id=\"165b2920\" data-element_type=\"section\" data-e-type=\"section\" data-settings=\"{&quot;background_background&quot;:&quot;classic&quot;}\">\n\t\t\t\t\t\t\t<div class=\"elementor-background-overlay\"><\/div>\n\t\t\t\t\t\t\t<div class=\"elementor-container elementor-column-gap-default\">\n\t\t\t\t\t<div class=\"elementor-column elementor-col-100 elementor-top-column elementor-element elementor-element-343ec9a9 ot-flex-column-vertical\" data-id=\"343ec9a9\" data-element_type=\"column\" data-e-type=\"column\">\n\t\t\t<div class=\"elementor-widget-wrap elementor-element-populated\">\n\t\t\t\t\t\t<div class=\"elementor-element elementor-element-6e2b40b7 elementor-widget elementor-widget-elementskit-heading\" data-id=\"6e2b40b7\" data-element_type=\"widget\" data-e-type=\"widget\" data-widget_type=\"elementskit-heading.default\">\n\t\t\t\t<div class=\"elementor-widget-container\">\n\t\t\t\t\t<div class=\"ekit-wid-con\" ><div class=\"ekit-heading elementskit-section-title-wraper text_center   ekit_heading_tablet-   ekit_heading_mobile-\"><h2 class=\"ekit-heading--title elementskit-section-title \">Energie<\/h2><\/div><\/div>\t\t\t\t<\/div>\n\t\t\t\t<\/div>\n\t\t\t\t\t<\/div>\n\t\t<\/div>\n\t\t\t\t\t<\/div>\n\t\t<\/section>\n\t\t<div class=\"elementor-element elementor-element-5724c6d e-flex e-con-boxed e-con e-parent\" data-id=\"5724c6d\" data-element_type=\"container\" data-e-type=\"container\">\n\t\t\t\t\t<div class=\"e-con-inner\">\n\t\t<div class=\"elementor-element elementor-element-ca2b934 e-con-full e-flex e-con e-child\" data-id=\"ca2b934\" data-element_type=\"container\" data-e-type=\"container\">\n\t\t\t\t<div class=\"elementor-element elementor-element-1886450 elementor-widget elementor-widget-heading\" data-id=\"1886450\" data-element_type=\"widget\" data-e-type=\"widget\" data-widget_type=\"heading.default\">\n\t\t\t\t<div class=\"elementor-widget-container\">\n\t\t\t\t\t<h2 class=\"elementor-heading-title elementor-size-default\">\u00c9lectrification rurale d\u00e9centralis\u00e9e<\/h2>\t\t\t\t<\/div>\n\t\t\t\t<\/div>\n\t\t\t\t<div class=\"elementor-element elementor-element-714a4c9 elementor-widget elementor-widget-text-editor\" data-id=\"714a4c9\" data-element_type=\"widget\" data-e-type=\"widget\" data-widget_type=\"text-editor.default\">\n\t\t\t\t<div class=\"elementor-widget-container\">\n\t\t\t\t\t\t\t\t\t<p>Nous\u00a0<strong>dimensionnons<\/strong>\u00a0et\u00a0<strong>fournissons<\/strong>\u00a0des\u00a0<strong>kits complets pour l\u2019\u00e9lectrification rurale<\/strong>\u00a0d\u00e9connect\u00e9e du r\u00e9seau (OFF-GRID) pour plusieurs types d\u2019application\u00a0:<\/p><p>Habitat isol\u00e9, maison ou lieu collectifs ou public, \u00e9coles, dispensaires, h\u00f4pitaux, lieux de culte, entreprises &amp; activit\u00e9s \u00e9conomiques.<\/p><p>Ces kits peuvent \u00eatre r\u00e9alis\u00e9s pour un besoin unique ou dans le cadre de programmes \u00e9largis, voire en OEM.<\/p>\t\t\t\t\t\t\t\t<\/div>\n\t\t\t\t<\/div>\n\t\t\t\t<\/div>\n\t\t<div class=\"elementor-element elementor-element-3c7ede2 e-con-full e-flex e-con e-child\" data-id=\"3c7ede2\" data-element_type=\"container\" data-e-type=\"container\">\n\t\t\t\t<div class=\"elementor-element elementor-element-0519669 elementor--h-position-center elementor--v-position-middle elementor-arrows-position-inside elementor-pagination-position-inside elementor-widget elementor-widget-slides\" data-id=\"0519669\" data-element_type=\"widget\" data-e-type=\"widget\" data-settings=\"{&quot;navigation&quot;:&quot;both&quot;,&quot;autoplay&quot;:&quot;yes&quot;,&quot;pause_on_hover&quot;:&quot;yes&quot;,&quot;pause_on_interaction&quot;:&quot;yes&quot;,&quot;autoplay_speed&quot;:5000,&quot;infinite&quot;:&quot;yes&quot;,&quot;transition&quot;:&quot;slide&quot;,&quot;transition_speed&quot;:500}\" data-widget_type=\"slides.default\">\n\t\t\t\t<div class=\"elementor-widget-container\">\n\t\t\t\t\t\t\t<div class=\"elementor-swiper\">\n\t\t\t<div class=\"elementor-slides-wrapper elementor-main-swiper swiper-container\" dir=\"ltr\" data-animation=\"fadeInUp\">\n\t\t\t\t<div class=\"swiper-wrapper elementor-slides\">\n\t\t\t\t\t\t\t\t\t\t<div class=\"elementor-repeater-item-d7e077d swiper-slide\"><div class=\"swiper-slide-bg\" role=\"img\"><\/div><div class=\"swiper-slide-inner\" ><div class=\"swiper-slide-contents\"><\/div><\/div><\/div>\t\t\t\t<\/div>\n\t\t\t\t\t\t\t<\/div>\n\t\t<\/div>\n\t\t\t\t\t\t<\/div>\n\t\t\t\t<\/div>\n\t\t\t\t<\/div>\n\t\t\t\t\t<\/div>\n\t\t\t\t<\/div>\n\t\t<div class=\"elementor-element elementor-element-fa0e9ca e-flex e-con-boxed e-con e-parent\" data-id=\"fa0e9ca\" data-element_type=\"container\" data-e-type=\"container\">\n\t\t\t\t\t<div class=\"e-con-inner\">\n\t\t<div class=\"elementor-element elementor-element-30f384b e-con-full e-flex e-con e-child\" data-id=\"30f384b\" data-element_type=\"container\" data-e-type=\"container\">\n\t\t\t\t<div class=\"elementor-element elementor-element-314331f elementor--h-position-center elementor--v-position-middle elementor-arrows-position-inside elementor-pagination-position-inside elementor-widget elementor-widget-slides\" data-id=\"314331f\" data-element_type=\"widget\" data-e-type=\"widget\" data-settings=\"{&quot;navigation&quot;:&quot;both&quot;,&quot;autoplay&quot;:&quot;yes&quot;,&quot;pause_on_hover&quot;:&quot;yes&quot;,&quot;pause_on_interaction&quot;:&quot;yes&quot;,&quot;autoplay_speed&quot;:5000,&quot;infinite&quot;:&quot;yes&quot;,&quot;transition&quot;:&quot;slide&quot;,&quot;transition_speed&quot;:500}\" data-widget_type=\"slides.default\">\n\t\t\t\t<div class=\"elementor-widget-container\">\n\t\t\t\t\t\t\t<div class=\"elementor-swiper\">\n\t\t\t<div class=\"elementor-slides-wrapper elementor-main-swiper swiper-container\" dir=\"ltr\" data-animation=\"fadeInUp\">\n\t\t\t\t<div class=\"swiper-wrapper elementor-slides\">\n\t\t\t\t\t\t\t\t\t\t<div class=\"elementor-repeater-item-d7e077d swiper-slide\"><div class=\"swiper-slide-bg\" role=\"img\"><\/div><div class=\"swiper-slide-inner\" ><div class=\"swiper-slide-contents\"><\/div><\/div><\/div>\t\t\t\t<\/div>\n\t\t\t\t\t\t\t<\/div>\n\t\t<\/div>\n\t\t\t\t\t\t<\/div>\n\t\t\t\t<\/div>\n\t\t\t\t<\/div>\n\t\t<div class=\"elementor-element elementor-element-f620fbe e-con-full e-flex e-con e-child\" data-id=\"f620fbe\" data-element_type=\"container\" data-e-type=\"container\">\n\t\t\t\t<div class=\"elementor-element elementor-element-c25e292 elementor-widget elementor-widget-heading\" data-id=\"c25e292\" data-element_type=\"widget\" data-e-type=\"widget\" data-widget_type=\"heading.default\">\n\t\t\t\t<div class=\"elementor-widget-container\">\n\t\t\t\t\t<h2 class=\"elementor-heading-title elementor-size-default\">Kit solaire back-up anti-d\u00e9lestage<\/h2>\t\t\t\t<\/div>\n\t\t\t\t<\/div>\n\t\t\t\t<div class=\"elementor-element elementor-element-439b910 elementor-widget elementor-widget-text-editor\" data-id=\"439b910\" data-element_type=\"widget\" data-e-type=\"widget\" data-widget_type=\"text-editor.default\">\n\t\t\t\t<div class=\"elementor-widget-container\">\n\t\t\t\t\t\t\t\t\t<p>Nous fournissons des\u00a0<strong>kits solaires sur batterie<\/strong>\u00a0pour avoir une\u00a0<strong>continuit\u00e9 d\u2019alimentation \u00e9lectrique<\/strong>\u00a0en cas de coupure du r\u00e9seau public d\u2019\u00e9lectricit\u00e9.<\/p><p>Ces kits permettent d\u2019<strong>\u00e9viter le recours aux groupes \u00e9lectrog\u00e8ne<\/strong>.<\/p><p>Ces kits sont compos\u00e9s d\u2019un\u00a0<strong>convertisseur-chargeur et de batteries<\/strong>, donc pas besoin de carburant pour faire fonctionner un groupe \u00e9lectrog\u00e8ne.<\/p><p>Lors d\u2019une coupure d\u2019\u00e9lectricit\u00e9, le syst\u00e8me bascule\u00a0<strong>automatiquement et directement<\/strong>\u00a0sur les batteries. Au retour du courant du secteur, le syst\u00e8me vient\u00a0<strong>recharger les batteries pour la prochaine coupure de courant<\/strong>.<\/p>\t\t\t\t\t\t\t\t<\/div>\n\t\t\t\t<\/div>\n\t\t\t\t<\/div>\n\t\t\t\t\t<\/div>\n\t\t\t\t<\/div>\n\t\t\t\t<\/div>\n\t\t","protected":false},"excerpt":{"rendered":"<p>Energie \u00c9lectrification rurale d\u00e9centralis\u00e9e Nous\u00a0dimensionnons\u00a0et\u00a0fournissons\u00a0des\u00a0kits complets pour l\u2019\u00e9lectrification rurale\u00a0d\u00e9connect\u00e9e du r\u00e9seau (OFF-GRID) pour plusieurs types d\u2019application\u00a0: Habitat isol\u00e9, maison ou lieu collectifs ou public, \u00e9coles, dispensaires, h\u00f4pitaux, lieux de culte, entreprises &amp; activit\u00e9s \u00e9conomiques. Ces kits peuvent \u00eatre r\u00e9alis\u00e9s pour un besoin unique ou dans le cadre de programmes \u00e9largis, voire en OEM. Kit solaire [&hellip;]<\/p>\n","protected":false},"author":1,"featured_media":0,"parent":0,"menu_order":0,"comment_status":"closed","ping_status":"closed","template":"","meta":{"footnotes":""},"class_list":["post-779","page","type-page","status-publish","hentry"],"_links":{"self":[{"href":"http:\/\/www.newtecmali.com\/index.php?rest_route=\/wp\/v2\/pages\/779","targetHints":{"allow":["GET"]}}],"collection":[{"href":"http:\/\/www.newtecmali.com\/index.php?rest_route=\/wp\/v2\/pages"}],"about":[{"href":"http:\/\/www.newtecmali.com\/index.php?rest_route=\/wp\/v2\/types\/page"}],"author":[{"embeddable":true,"href":"http:\/\/www.newtecmali.com\/index.php?rest_route=\/wp\/v2\/users\/1"}],"replies":[{"embeddable":true,"href":"http:\/\/www.newtecmali.com\/index.php?rest_route=%2Fwp%2Fv2%2Fcomments&post=779"}],"version-history":[{"count":4,"href":"http:\/\/www.newtecmali.com\/index.php?rest_route=\/wp\/v2\/pages\/779\/revisions"}],"predecessor-version":[{"id":787,"href":"http:\/\/www.newtecmali.com\/index.php?rest_route=\/wp\/v2\/pages\/779\/revisions\/787"}],"wp:attachment":[{"href":"http:\/\/www.newtecmali.com\/index.php?rest_route=%2Fwp%2Fv2%2Fmedia&parent=779"}],"curies":[{"name":"wp","href":"https:\/\/api.w.org\/{rel}","templated":true}]}}